{"id":6,"date":"2014-03-09T15:44:50","date_gmt":"2014-03-09T15:44:50","guid":{"rendered":"http:\/\/inocentar.tmf.bg.ac.rs\/?page_id=6"},"modified":"2024-06-04T12:04:36","modified_gmt":"2024-06-04T12:04:36","slug":"projekti","status":"publish","type":"page","link":"https:\/\/inocentar.tmf.bg.ac.rs\/?page_id=6","title":{"rendered":"Projekti"},"content":{"rendered":"<p><a href=\"https:\/\/inocentar.tmf.bg.ac.rs\/wp-content\/uploads\/2014\/03\/projektni-biro.jpg\"><img loading=\"lazy\" decoding=\"async\" class=\"size-full wp-image-66 aligncenter\" src=\"https:\/\/inocentar.tmf.bg.ac.rs\/wp-content\/uploads\/2014\/03\/projektni-biro.jpg\" alt=\"projektni biro\" width=\"695\" height=\"418\" srcset=\"https:\/\/inocentar.tmf.bg.ac.rs\/wp-content\/uploads\/2014\/03\/projektni-biro.jpg 695w, https:\/\/inocentar.tmf.bg.ac.rs\/wp-content\/uploads\/2014\/03\/projektni-biro-300x180.jpg 300w\" sizes=\"auto, (max-width: 695px) 100vw, 695px\" \/><\/a><\/p>\n<p>Na Inovacionom centru TMF-a od 2009. godine sproveden je veliki broj projekata u saradnji sa Ministarstvom nauke, prosvete i tehnolo\u0161kog razvoja, a danas sa Ministarstvom nauke, tehnolo\u0161kog razvoja i inovacija, kao i sa Fondom za nauku. U slede\u0107oj tabeli su navedeni aktuelni me\u0111unarodni i doma\u0107i projekti.<strong><br \/>\n<\/strong><\/p>\n<table>\n<tbody>\n<tr>\n<td width=\"121\"><strong>Projekat<\/strong><\/td>\n<td width=\"180\"><strong>Vrsta<\/strong><\/td>\n<td width=\"434\"><strong>Naziv<\/strong><\/td>\n<\/tr>\n<tr>\n<td width=\"121\">Me\u0111unarodni projekat<\/td>\n<td width=\"180\">Twinning, Horizon Europe 2021-2027.<\/td>\n<td width=\"434\">&#8220;Twinning for intensified enzymatic processes for production of prebiotic containing functional food and bioactive cosmetics&#8221; (ID 101060130, TwinPrebioEnz), program Horizon Europe 2021-2027, rukovodilac projekta sa srpske strane: prof. dr Dejan Bezbradica<\/td>\n<\/tr>\n<tr>\n<td width=\"121\">Me\u0111unarodni projekat<\/td>\n<td width=\"180\">HORIZON 2020, WIDESPREAD-2018-2020\/H2020-WIDESPREAD-2020-5<\/td>\n<td width=\"434\">Twinning to excel materials engineering for medical devices \u2013 ExcellMater, grant no. 952033, H2020-WIDESPREAD-2018-2020\/H2020-WIDESPREAD-2020-5, 2020-2024 (financed by European Commission), rukovodilac projekta: prof. dr Bojana Obradovi\u0107<\/p>\n<p><a href=\"https:\/\/excellmater.tmf.bg.ac.rs\/sr\/srpski-jezik\/\">https:\/\/excellmater.tmf.bg.ac.rs\/sr\/srpski-jezik\/<\/a><\/td>\n<\/tr>\n<tr>\n<td width=\"121\">Me\u0111unarodni projekat<\/td>\n<td width=\"180\">Project Collaboration Agreement between Norwegian Institute of Bioeconomy (NIBIO) and IC TMF (2021-2024)<\/td>\n<td width=\"434\">\u201cApple pollination (Eplepollinering) for increased fruit set, yield and fruit quality\u201d (Project No 51488).<\/td>\n<\/tr>\n<tr>\n<td width=\"121\">Me\u0111unarodni projekat<\/td>\n<td width=\"180\">Project Collaboration Agreement between Norwegian Institute of Bioeconomy and IC TMF\u00a0\u00a0 (2022\/23-2024)<\/td>\n<td width=\"434\">\u201cSustainable growth of the Norwegian Horticultural System &#8211; Green Road\u201d (Project No 52319)<\/p>\n<p><a href=\"https:\/\/www.nibio.no\/en\/projects\/sustainable-growth-of-the-norwegian-horticulture-food-system-greenroad-gs35-grontstrategi-mot-2035\">https:\/\/www.nibio.no\/en\/projects\/sustainable-growth-of-the-norwegian-horticulture-food-system-greenroad-gs35-grontstrategi-mot-2035<\/a><\/td>\n<\/tr>\n<tr>\n<td width=\"121\">Me\u0111unarodni projekat<\/td>\n<td width=\"180\">CERIC-ERIC<\/td>\n<td width=\"434\">A close look of N-doped TiO2 nanotubes sensitized with CdS quantum dots for application in solar cells\u201d finansiran od strane Central European Research Infrastructure Consortium (CERIC-ERIC)<\/td>\n<\/tr>\n<tr>\n<td width=\"121\">Me\u0111unarodni projekat<\/td>\n<td width=\"180\">COST<\/td>\n<td width=\"434\">CA19123 PHOENIX \u2013 Protection, Resilience, Rehabilitation of damaged environment. Rukovodilac projekta Dr Andrea Pietrelli, \u010dlan i zamenik Management Committee prof. Dr Marina \u0160\u0107iban i prof. Dr Zorica Kne\u017eevi\u0107-Jugovi\u0107<\/td>\n<\/tr>\n<tr>\n<td width=\"121\">Me\u0111unarodni projekat<\/td>\n<td width=\"180\">COST<\/td>\n<td width=\"434\">CA21101-Confined molecular systems: from a new generation of materials to the stars (COSY)<\/td>\n<\/tr>\n<tr>\n<td width=\"121\">Me\u0111unarodni projekat<\/td>\n<td width=\"180\">COST<\/td>\n<td width=\"434\">COST action CA21160 \u201eNon-globular proteins in the era of Machine Learning (ML4NGP)<\/td>\n<\/tr>\n<tr>\n<td width=\"121\">Me\u0111unarodni projekat<\/td>\n<td width=\"180\">Eureka projekat<\/td>\n<td width=\"434\">Evidencioni broj: 17479 MIH-NC (2022-2025):&#8221;Modular Infrared Heaters \u2013 with Nanofluid Collector&#8221; \/\u00a0 \u201eModularni infracrveni grejni ure\u0111aji sa kolektorom nanofluida\u201d &#8211; Rukovodilac projekta dr Darko Velji\u0107, vi\u0161i nau\u010dni saradnik)<\/td>\n<\/tr>\n<tr>\n<td width=\"121\">Me\u0111unarodni projekat<\/td>\n<td width=\"180\">EUREKA<\/td>\n<td width=\"434\">Me\u0111unarodni Eureka projekat, E! 13082 &#8220;BIOFLOSBAKE-LAVGLU&#8221; (Novel bioprocessing tools for production of functional bakery products with detoxified gluten and fortified with dietary fibres). Rukovodilac projekta prof. Dr Zorica Kne\u017eevi\u0107-Jugovi\u0107<\/td>\n<\/tr>\n<tr>\n<td width=\"121\">Me\u0111unarodni projekat<\/td>\n<td width=\"180\">Bilateralni projekat, 2023-2024.<\/td>\n<td width=\"434\">Me\u0111unarodni projekat bilateralne saradnje Srbija-Francuska (2023-2024): \u201a\u201aLuminescent d-block metal complexes with liquid crystal properties as new functional materials for optoelectronics&#8221;, rukovodilac sa srpske strane: prof. dr Nemanja Tri\u0161ovi\u0107<\/td>\n<\/tr>\n<tr>\n<td width=\"121\">Me\u0111unarodni projekat<\/td>\n<td width=\"180\">Bilateralni projekat, 2021-2024<\/td>\n<td width=\"434\">Me\u0111unarodni projekat bilateralne saradnje Srbija-Kina (2021-2024): \u201eDevelopment of novel fermentation products enriched with plant and mushroom extracts\u201c, rukovodilac projekta sa srpske strane: prof. dr Branko Bugarski)<\/td>\n<\/tr>\n<tr>\n<td width=\"121\">Me\u0111unarodni projekat<\/td>\n<td width=\"180\">Bilateralni projekat Srbija-Slovenija, 2023-2025.<\/td>\n<td width=\"434\">Me\u0111unarodni projekat bilateralne saradnje Srbija-Slovenija (2023-2025), Projekat br. 337-00-110\/2023-05\/13 : \u201eElectrochemical production of composite biomaterials for medical hard tissue implants\u201c, rukovodilac projekta sa srpske strane: dr Ana Jankovi\u0107)<\/td>\n<\/tr>\n<tr>\n<td width=\"121\">Me\u0111unarodni projekat<\/td>\n<td width=\"180\">Bilateralni projekat, 2023-2025.<\/td>\n<td width=\"434\">Me\u0111unarodni projekat bilateralne saradnje Srbija-Slovenija (2023-2025): \u201e&#8221;Enzimski potpomognuto izolovanje bioaktivnih jedinjenja iz biljaka radi primene u kozmetici&#8221;,rukovodilac projekta sa srpske strane: asis. dr Ana Milivojevi\u0107)<\/td>\n<\/tr>\n<tr>\n<td width=\"121\">Me\u0111unarodni projekat<\/td>\n<td width=\"180\">Bilateralni projekat, 2023<\/td>\n<td width=\"434\">Me\u0111unarodni projekat bilateralne saradnje Srbija-Slovenija (2023-2025):&#8221;Multilayer hzbrid scaffolds with antimicrobial, anti-inflamatory, proangiogenic and piezoelectric properties as personalized wound dressings&#8221;<\/td>\n<\/tr>\n<tr>\n<td width=\"121\">Me\u0111unarodni projekat<\/td>\n<td width=\"180\">NATO_SPS<\/td>\n<td width=\"434\">Nanocoatings for multi-protective textiles used for military clothing (MULProTex) 2021-2024\u00a0 rukovodilac sa srpske strane prof. dr Maja Radeti\u0107<\/td>\n<\/tr>\n<tr>\n<td width=\"121\">Me\u0111unarodni projekat<\/td>\n<td width=\"180\">COST<\/td>\n<td width=\"434\">Projekat evropske saradnje u nauci i tehnologiji COST action CA18113 &#8220;Understanding and exploiting the impacts of low pH on micro-organisms (EuroMicropH)&#8221;<\/td>\n<\/tr>\n<tr>\n<td width=\"121\">Me\u0111unarodni projekat<\/td>\n<td width=\"180\">COST<\/td>\n<td width=\"434\">Projekat evropske saradnje u nauci i tehnologiji COST action CA18224 &#8220;Green Chemical Engineering Network towards upscaling sustainable processes&#8221; 14.10.2019-13.04.2024.<\/p>\n<p><a href=\"https:\/\/www.cost.eu\/actions\/CA18224\/\">https:\/\/www.cost.eu\/actions\/CA18224\/<\/a><\/td>\n<\/tr>\n<tr>\n<td width=\"121\">Me\u0111unarodni projekat<\/td>\n<td width=\"180\">COST<\/td>\n<td width=\"434\">Projekat evropske saradnje u nauci i tehnologiji COST action CA22107, &#8220;Bringing Experiment and Simulation Together in Crystal Structure Prediction&#8221; (BEST-CSP)<\/p>\n<p><a href=\"https:\/\/www.cost.eu\/actions\/CA22107\/\">https:\/\/www.cost.eu\/actions\/CA22107\/<\/a><\/td>\n<\/tr>\n<tr>\n<td width=\"121\">Nacionalni projekat<\/td>\n<td width=\"180\">Program Prizma, Fond za nauku Republike Srbije<\/td>\n<td width=\"434\">\u201eMultifunctional visible-light-responsive inorganic-organic hybrids for efficient hydrogen production and disinfection\u201c \u2013 HYDIS, 12.2023.-11.2026.<\/p>\n<p><a href=\"https:\/\/www.vin.bg.ac.rs\/en\/science\/projects\/national-projects\/multifunctional-visible-light-responsive-inorganic-organic-hybrids-for-efficient-hydrogen-production-and-disinfection\">https:\/\/www.vin.bg.ac.rs\/en\/science\/projects\/national-projects\/multifunctional-visible-light-responsive-inorganic-organic-hybrids-for-efficient-hydrogen-production-and-disinfection<\/a><\/td>\n<\/tr>\n<tr>\n<td width=\"121\">Nacionalni projekat<\/td>\n<td width=\"180\">Program Prizma, Fond za nauku Republike Srbije<\/td>\n<td width=\"434\">Novel hybrid biomimetic macroporous composites with tuned biodegradability, improved osteointegration and anticancer properties for bone tissue regeneration \u2013 HyBioComBone, 2024\u20132027, u oblasti Tehni\u010dko-tehnolo\u0161kih nauka \u2013 rukovodilac projekta prof. Dr \u0110or\u0111e Veljovi\u0107<\/p>\n<p><a href=\"https:\/\/www.hybiocombone.tmf.bg.ac.rs\/\">https:\/\/www.hybiocombone.tmf.bg.ac.rs\/<\/a><\/td>\n<\/tr>\n<tr>\n<td width=\"121\">Nacionalni projekat<\/td>\n<td width=\"180\">Program IDEJA\/2022-2025, Fond za nauku Republike Srbije<\/td>\n<td width=\"434\">ZERO-WASTE CONCEPT FOR FLOOD RESILIENT CITIES, \u00d8-Waste-Water, PI: Assoc. Prof. Vladana Rajakovi\u0107-Ognjanovi\u0107, PhD Chem. Eng<\/p>\n<p><a href=\"https:\/\/zerowastewater.rs\/\">https:\/\/zerowastewater.rs\/<\/a><\/td>\n<\/tr>\n<tr>\n<td width=\"121\">Nacionalni projekat<\/td>\n<td width=\"180\">Program IDEJA\/2022-2025, Fond za nauku Republike Srbije<\/td>\n<td width=\"434\">Genetic potential of Serbian autochthonous cherry genotypes for temperature-adaptable reproductive behaviour and nutraceutical value, akronim CherrySeRB, evidencioni broj 7739716, rukovodilac: dr Sanja Radi\u010devi\u0107.<\/p>\n<p><a href=\"http:\/\/www.cherryserb.com\/general-information\">http:\/\/www.cherryserb.com\/general-information<\/a><\/td>\n<\/tr>\n<tr>\n<td width=\"121\">Nacionalni projekat<\/td>\n<td width=\"180\">Program IDEJA\/2022-2025,, Fond za nauku Republike Srbije<\/td>\n<td width=\"434\">Ideja projekat Fonda za Nauku (2022-2025). &#8220;Integrated Strategy for Rehabilitation of Disturbed Land Surfaces and Control of Air Pollution &#8211; RECAP&#8221;, rukovodilac projekta Zorica Svir\u010dev.<\/p>\n<p><a href=\"https:\/\/www.pmf.uns.ac.rs\/en\/2023\/03\/07\/recap-en\/\">https:\/\/www.pmf.uns.ac.rs\/en\/2023\/03\/07\/recap-en\/<\/a><\/td>\n<\/tr>\n<tr>\n<td width=\"121\">Nacionalni projekat<\/td>\n<td width=\"180\">Inovacioni vau\u010der, \u041c\u041f\u041d\u0422\u0420\/2023-2024<\/td>\n<td width=\"434\">Inovacioni projekat Ministarstva prosvete, nauke i tehnolo\u0161kog razvoja i Fonda za inovacionu delatnost Republike Srbije\u00a0 (2023-2024). \u201ePrirodni nanokozmeti\u010dki preparati oboga\u0107eni bioaktivnim komponentama iz tre\u0161anja\u201c. Nosilac realizacije inovacionog projekta \u2013 podnosilac prijave &#8211; Inovacioni centar Tehnolo\u0161ko metalu\u0161ki fakultet, Beograd (Broj vau\u010dera 1414),\u00a0 rukovodilac: dr Mina Voli\u0107<\/td>\n<\/tr>\n<tr>\n<td width=\"121\">Nacionalni projekat<\/td>\n<td width=\"180\">Fond za inovacionu delatnost, Inovacioni vau\u010der<\/td>\n<td width=\"434\">Inovacioni vau\u010der broj 1286, pod nazivom &#8220;Mikrobiolo\u0161ki preparat za smanjenje organskog optere\u0107enja otpadnih voda iz industrije prerade mleka&#8221; za AGROUNIK, gde je pru\u017ealac usluga ICTMF d.o.o., a rukovodilac prof. Dr Zorica Kne\u017eevi\u0107-Jugovi\u0107<\/td>\n<\/tr>\n<tr>\n<td width=\"121\">Nacionalni projekat<\/td>\n<td width=\"180\">Fond za inovacionu delatnost, Inovacioni vaucer<\/td>\n<td width=\"434\">Inovacioni vaucer finansiran od strane fonda za inovacionu delatnost (novembar 2023-mart 2024) &#8220;Razvoj novog proizvoda &#8211; funkcionalni sladoled u prahu&#8221; br. 1523\/2023. Nosilac realizacije inovacionog vaucera \u2013 podnosilac prijave &#8211; Inovacioni centar Tehnolo\u0161ko metalu\u0161ki fakultet, Beograd.<\/td>\n<\/tr>\n<tr>\n<td width=\"121\">Nacionalni projekat<\/td>\n<td width=\"180\">Projekat Fonda za inovacionu delatnost, Transfer tehnologije ID: TTP 1130<\/td>\n<td width=\"434\">Program Transfera tehnologije Fonda za inovacionu delatnost\u00a0 (2022-2024). \u201eNovi koncept formulacije probiotskog jogurta primenom prebiotika nove generacije\u201c. Nosilac realizacije projekta \u2013 podnosilac prijave &#8211; Tehnolo\u0161ko metalu\u0161ki fakultet, rukovodilac dr Maja Bulatovi\u0107.<\/td>\n<\/tr>\n<tr>\n<td width=\"121\">Nacionalni projekat<\/td>\n<td width=\"180\">Ideja, Projekat Fonda za nauku<\/td>\n<td width=\"434\">Projekat MultiPromis &#8220;MULTIfunctional leaf PROtein and asseMbled nanocarrIer Structures delivered by enzyme technology&#8221;, 7751519, Fonda za nauku Republike Srbije, rukovodilac prof. gr Zorica Kne\u017eevi\u0107-Jugovi\u0107<\/p>\n<p><a href=\"https:\/\/multipromis.rs\/\">https:\/\/multipromis.rs\/<\/a><\/td>\n<\/tr>\n<tr>\n<td width=\"121\">Nacionalni projekat<\/td>\n<td width=\"180\">Fond za Nauku-Program Ideje, Inovacioni projekat<\/td>\n<td width=\"434\">Projekat u okviru programa IDEJE \u201ePrebiotics for functional food and bioactive cosmetics produced in intensified enzymatic processes\u201c, PrIntPrEnzy.<\/p>\n<p><a href=\"https:\/\/printprenzy.com\/\">https:\/\/printprenzy.com\/<\/a><\/td>\n<\/tr>\n<tr>\n<td width=\"121\">Nacionalni projekat<\/td>\n<td width=\"180\">Fond za Nauku, Inovacioni projekat, Inovacioni vau\u010der 1523- 20223\/24<\/td>\n<td width=\"434\">Projektat Fonda za inovacionu delatnost, Inovacioni vau\u010der br. 1523\/23.Razvoj novog proizvoda -funkcionalni sladoled u prahu, Nosilac projekta IC TMF &#8211; Rukovodilac dr Tanja Kruni\u0107, Ucesnici: dr Danica Zari\u0107, Prof. dr Marica Rakin, dr Maja Bulatovi\u0107, prof.dr Maja Vuka\u0161inovi\u0107 Sekuli\u0107\u00a0 Korisnik: Aleva Novi Knezevac\u00a0 d.o.o., Srbija,<\/td>\n<\/tr>\n<tr>\n<td width=\"121\">Nacionalni projekat<\/td>\n<td width=\"180\">Zeleni program saradnje nauke i privrede Fonda za nauku Republike Srbije (2023-2025)<\/td>\n<td width=\"434\">Zeleni program saradnje nauke i privrede Fonda za nauku Republike Srbije (2023-2025): \u201eA step to green polyester products: Sustainable solutions for everyday objects (Step2PolyGreen)\u201d, rukovodilac projekta: dr Pavle Spasojevi\u0107<\/p>\n<p><a href=\"https:\/\/step2polygreen.rs\/\">https:\/\/step2polygreen.rs\/<\/a><\/td>\n<\/tr>\n<tr>\n<td width=\"121\">Nacionalni projekat<\/td>\n<td width=\"180\">Projektat Fonda za inovacionu delatnost<\/td>\n<td width=\"434\">Dokaz koncepta 1130- 2022\/23, &#8220;A new concept of probiotic yogurt formulation by application of next generation prebiotics, &#8220;Nosilac projekta\u00a0 TMF &#8211; Rukovodilac dr Maja Bulatovi\u0107<\/td>\n<\/tr>\n<\/tbody>\n<\/table>\n<p style=\"text-align: center;\">\n","protected":false},"excerpt":{"rendered":"<p>Na Inovacionom centru TMF-a od 2009. godine sproveden je veliki broj projekata u saradnji sa Ministarstvom nauke, prosvete i tehnolo\u0161kog razvoja, a danas sa Ministarstvom nauke, tehnolo\u0161kog razvoja i inovacija, kao i sa Fondom za nauku. U slede\u0107oj tabeli su navedeni aktuelni me\u0111unarodni i doma\u0107i projekti. Projekat Vrsta Naziv Me\u0111unarodni projekat Twinning, Horizon Europe 2021-2027. [&hellip;]<\/p>\n","protected":false},"author":1,"featured_media":66,"parent":0,"menu_order":0,"comment_status":"closed","ping_status":"closed","template":"","meta":{"_acf_changed":false,"_exactmetrics_skip_tracking":false,"_exactmetrics_sitenote_active":false,"_exactmetrics_sitenote_note":"","_exactmetrics_sitenote_category":0,"footnotes":""},"class_list":["post-6","page","type-page","status-publish","has-post-thumbnail","hentry"],"acf":[],"_links":{"self":[{"href":"https:\/\/inocentar.tmf.bg.ac.rs\/index.php?rest_route=\/wp\/v2\/pages\/6","targetHints":{"allow":["GET"]}}],"collection":[{"href":"https:\/\/inocentar.tmf.bg.ac.rs\/index.php?rest_route=\/wp\/v2\/pages"}],"about":[{"href":"https:\/\/inocentar.tmf.bg.ac.rs\/index.php?rest_route=\/wp\/v2\/types\/page"}],"author":[{"embeddable":true,"href":"https:\/\/inocentar.tmf.bg.ac.rs\/index.php?rest_route=\/wp\/v2\/users\/1"}],"replies":[{"embeddable":true,"href":"https:\/\/inocentar.tmf.bg.ac.rs\/index.php?rest_route=%2Fwp%2Fv2%2Fcomments&post=6"}],"version-history":[{"count":8,"href":"https:\/\/inocentar.tmf.bg.ac.rs\/index.php?rest_route=\/wp\/v2\/pages\/6\/revisions"}],"predecessor-version":[{"id":2885,"href":"https:\/\/inocentar.tmf.bg.ac.rs\/index.php?rest_route=\/wp\/v2\/pages\/6\/revisions\/2885"}],"wp:featuredmedia":[{"embeddable":true,"href":"https:\/\/inocentar.tmf.bg.ac.rs\/index.php?rest_route=\/wp\/v2\/media\/66"}],"wp:attachment":[{"href":"https:\/\/inocentar.tmf.bg.ac.rs\/index.php?rest_route=%2Fwp%2Fv2%2Fmedia&parent=6"}],"curies":[{"name":"wp","href":"https:\/\/api.w.org\/{rel}","templated":true}]}}