{"id":2,"date":"2014-03-09T15:36:37","date_gmt":"2014-03-09T15:36:37","guid":{"rendered":"http:\/\/inocentar.tmf.bg.ac.rs\/?page_id=2"},"modified":"2024-12-06T10:26:44","modified_gmt":"2024-12-06T10:26:44","slug":"sample-page","status":"publish","type":"page","link":"https:\/\/inocentar.tmf.bg.ac.rs\/?page_id=2","title":{"rendered":"O nama"},"content":{"rendered":"<h1><a style=\"font-size: 30px; color: #ff6600;\" title=\"Personnel\" href=\"https:\/\/inocentar.tmf.bg.ac.rs\/?page_id=86\">Zaposleni<\/a><\/h1>\n<h1><a style=\"font-size: 30px; color: #ff6600;\" title=\"documents\" href=\" https:\/\/inocentar.tmf.bg.ac.rs\/?page_id=139\">Dokumenta<\/a><\/h1>\n<p><strong>Inovacioni Centar Tehnolo\u0161ko-Metalur\u0161kog Fakulteta u Beogradu d.o.o.<\/strong> je osnovan 24. juna 2009.god. odlukom Saveta TMF-a.<\/p>\n<p>Inovacioni Centar Tehnolo\u0161ko-metalur\u0161kog fakulteta u Beogradu d.o.o. obavlja poslove iz oblasti delatnosti istra\u017eivanja, eksperimentalnih i razvojnih projekata u tehnicko tehnolo\u0161kim naukama doprinoseci stvaranju novih proizvoda, tehnologija, procesa i usluga.<\/p>\n<p>Koriste\u0107i sopstvene nau\u010dne i stru\u010dne potencijale IC TMF razvija inovacije i prototipove, nove proizvode i usluge, vr\u0161i transfer znanja i tehnologija u proizvodnju, koja ishoduje u racionalnom i odr\u017eivom razvoju privrede u zemlji i okru\u017eenju.<\/p>\n<p>Posebnu pa\u017enju posve\u0107ujemo unapre\u0111enju tehnolo\u0161kog razvoja privrede kroz primenjena tehni\u010dka re\u0161enja, inovacije i nau\u010dne i stru\u010dne rezultate koji imaju neposrednu primenu.<\/p>\n<p><a href=\"https:\/\/inocentar.tmf.bg.ac.rs\/wp-content\/uploads\/2014\/03\/slika-1-laboratortorija.jpg\"><img loading=\"lazy\" decoding=\"async\" class=\"wp-image-28 aligncenter\" src=\"https:\/\/inocentar.tmf.bg.ac.rs\/wp-content\/uploads\/2014\/03\/slika-1-laboratortorija.jpg\" alt=\"slika 1 - laboratortorija\" width=\"581\" height=\"246\" srcset=\"https:\/\/inocentar.tmf.bg.ac.rs\/wp-content\/uploads\/2014\/03\/slika-1-laboratortorija.jpg 830w, https:\/\/inocentar.tmf.bg.ac.rs\/wp-content\/uploads\/2014\/03\/slika-1-laboratortorija-300x127.jpg 300w\" sizes=\"auto, (max-width: 581px) 100vw, 581px\" \/><\/a><\/p>\n<h1><span style=\"color: #ff6600;\">Misija<\/span><\/h1>\n<p style=\"text-align: left;\"><strong>IC TMF-a<\/strong> na originalan i sistematski nacin stvara i koristi sopstvene i eksterne nau\u010dne i stru\u010dne rezultate imajuci prvenstveno kao cilj stvaranje inovacija, razvoj prototipova, novih proizvoda i usluga paralelno sa transferom znanja i tehnologija u proizvodnju koja ishoduje u racionalnom i odr\u017eivom razvoju privrede u okru\u017eenju.<\/p>\n<h1><span style=\"color: #ff6600;\">Vizija<\/span><\/h1>\n<p style=\"text-align: left;\"><strong>Inovacioni Centar Tehnolo\u0161ko-metalur\u0161kog fakulteta<\/strong> u Beogradu posti\u017ee izuzetne rezultate na nacionalnom i medjunarodnom nivou i njihovom primenom doprinosi ukupnom nivou znanja dru\u0161tva i unapredjuju tehnolo\u0161ki razvoj privrede kroz primenjena tehnicka re\u0161enja, patente, inovacije, tehnolo\u0161ka unapredjenja i rezultate koji imaju neposrednu primenu.<\/p>\n<p style=\"text-align: left;\">Osnovni pravci razvoja su: sinteza novih funkcionalnih materijala i materijala novih i superiornih karakteristika, inovativna primena razvijanih materijala, kori\u0161cenje nanonauka i nanotehnologija i razvoj \u010distih tehnologija i energetska efikasnost.<\/p>\n<h1 style=\"text-align: left;\"><span style=\"color: #ff9900;\"> <span style=\"color: #ff6600;\">Standardi kvaliteta<\/span><\/span><\/h1>\n<p>IC TMF od 23.11.2023. poseduje slede\u0107e standarde kvaliteta:<\/p>\n<p><a href=\"https:\/\/inocentar.tmf.bg.ac.rs\/wp-content\/uploads\/Cert-QMS-EMS-IC-TMF-en.pdf\" target=\"_blank\" rel=\"noopener\"><img loading=\"lazy\" decoding=\"async\" class=\"alignnone wp-image-2907 size-full\" src=\"https:\/\/inocentar.tmf.bg.ac.rs\/wp-content\/uploads\/Cert-QMS-EMS-IC-TMF-en.png\" alt=\"\" width=\"318\" height=\"465\" srcset=\"https:\/\/inocentar.tmf.bg.ac.rs\/wp-content\/uploads\/Cert-QMS-EMS-IC-TMF-en.png 318w, https:\/\/inocentar.tmf.bg.ac.rs\/wp-content\/uploads\/Cert-QMS-EMS-IC-TMF-en-205x300.png 205w\" sizes=\"auto, (max-width: 318px) 100vw, 318px\" \/><\/a><\/p>\n<p><a href=\"https:\/\/inocentar.tmf.bg.ac.rs\/wp-content\/uploads\/Cert-QMS-EMS-IC-TMF-sr-1.pdf\" target=\"_blank\" rel=\"noopener\"><img loading=\"lazy\" decoding=\"async\" class=\"alignnone wp-image-2909 size-full\" src=\"https:\/\/inocentar.tmf.bg.ac.rs\/wp-content\/uploads\/Cert-QMS-EMS-IC-TMF-sr.png\" alt=\"\" width=\"318\" height=\"465\" srcset=\"https:\/\/inocentar.tmf.bg.ac.rs\/wp-content\/uploads\/Cert-QMS-EMS-IC-TMF-sr.png 318w, https:\/\/inocentar.tmf.bg.ac.rs\/wp-content\/uploads\/Cert-QMS-EMS-IC-TMF-sr-205x300.png 205w\" sizes=\"auto, (max-width: 318px) 100vw, 318px\" \/><\/a><\/p>\n","protected":false},"excerpt":{"rendered":"<p>Zaposleni Dokumenta Inovacioni Centar Tehnolo\u0161ko-Metalur\u0161kog Fakulteta u Beogradu d.o.o. je osnovan 24. juna 2009.god. odlukom Saveta TMF-a. Inovacioni Centar Tehnolo\u0161ko-metalur\u0161kog fakulteta u Beogradu d.o.o. obavlja poslove iz oblasti delatnosti istra\u017eivanja, eksperimentalnih i razvojnih projekata u tehnicko tehnolo\u0161kim naukama doprinoseci stvaranju novih proizvoda, tehnologija, procesa i usluga. Koriste\u0107i sopstvene nau\u010dne i stru\u010dne potencijale IC TMF razvija [&hellip;]<\/p>\n","protected":false},"author":1,"featured_media":28,"parent":0,"menu_order":0,"comment_status":"closed","ping_status":"closed","template":"","meta":{"_acf_changed":false,"_exactmetrics_skip_tracking":false,"_exactmetrics_sitenote_active":false,"_exactmetrics_sitenote_note":"","_exactmetrics_sitenote_category":0,"footnotes":""},"class_list":["post-2","page","type-page","status-publish","has-post-thumbnail","hentry"],"acf":[],"_links":{"self":[{"href":"https:\/\/inocentar.tmf.bg.ac.rs\/index.php?rest_route=\/wp\/v2\/pages\/2","targetHints":{"allow":["GET"]}}],"collection":[{"href":"https:\/\/inocentar.tmf.bg.ac.rs\/index.php?rest_route=\/wp\/v2\/pages"}],"about":[{"href":"https:\/\/inocentar.tmf.bg.ac.rs\/index.php?rest_route=\/wp\/v2\/types\/page"}],"author":[{"embeddable":true,"href":"https:\/\/inocentar.tmf.bg.ac.rs\/index.php?rest_route=\/wp\/v2\/users\/1"}],"replies":[{"embeddable":true,"href":"https:\/\/inocentar.tmf.bg.ac.rs\/index.php?rest_route=%2Fwp%2Fv2%2Fcomments&post=2"}],"version-history":[{"count":18,"href":"https:\/\/inocentar.tmf.bg.ac.rs\/index.php?rest_route=\/wp\/v2\/pages\/2\/revisions"}],"predecessor-version":[{"id":2913,"href":"https:\/\/inocentar.tmf.bg.ac.rs\/index.php?rest_route=\/wp\/v2\/pages\/2\/revisions\/2913"}],"wp:featuredmedia":[{"embeddable":true,"href":"https:\/\/inocentar.tmf.bg.ac.rs\/index.php?rest_route=\/wp\/v2\/media\/28"}],"wp:attachment":[{"href":"https:\/\/inocentar.tmf.bg.ac.rs\/index.php?rest_route=%2Fwp%2Fv2%2Fmedia&parent=2"}],"curies":[{"name":"wp","href":"https:\/\/api.w.org\/{rel}","templated":true}]}}