{"id":139,"date":"2014-03-19T19:45:34","date_gmt":"2014-03-19T19:45:34","guid":{"rendered":"http:\/\/inocentar.tmf.bg.ac.rs\/?page_id=139"},"modified":"2021-12-24T09:11:56","modified_gmt":"2021-12-24T09:11:56","slug":"interni-dokumenti","status":"publish","type":"page","link":"https:\/\/inocentar.tmf.bg.ac.rs\/?page_id=139","title":{"rendered":"Dokumenti"},"content":{"rendered":"<h2><span style=\"text-decoration: underline; color: #ff6600;\">Izjava o politici integrisanog sistema menad\u017ementa kvaliteta:<\/span><\/h2>\n<p><img loading=\"lazy\" decoding=\"async\" class=\"alignnone\" src=\"https:\/\/inocentar.tmf.bg.ac.rs\/wp-content\/uploads\/Politika-int.sis_.-menadzmenta-09.2020.jpg\" alt=\"Politika integrisanog sistema menadzmenta 09.2020.\" width=\"138\" height=\"195\"><\/p>\n<p><span style=\"color: #3366ff;\"><a style=\"color: #3366ff;\" href=\"https:\/\/inocentar.tmf.bg.ac.rs\/wp-content\/uploads\/\u041f\u041e\u041b\u0418\u0422\u0418KA-\u0418\u041d\u0422\u0415\u0413\u0420\u0418\u0421\u0410\u041d\u041e\u0413-\u0421\u0418\u0421\u0422\u0415\u041c\u0410-\u041c\u0415\u041d\u0410\u040f\u041c\u0415\u041d\u0422A.pdf\">Izjava o Politici integrisanog sistema menad\u017ementa kvaliteta<\/a><\/span><\/p>\n<h2><span style=\"text-decoration: underline; color: #ff6600;\">Interni formulari:<\/span><\/h2>\n<ol>\n<li><span style=\"color: #3366ff;\"><a style=\"color: #3366ff;\" href=\"https:\/\/inocentar.tmf.bg.ac.rs\/wp-content\/uploads\/1_Zahtev-za-pokretanje-postupka-nabavke_02_03032015.pdf\">Zahtev za pokretanje postupka nabavke<\/a><\/span><\/li>\n<li><span style=\"color: #3366ff;\"> <a style=\"color: #3366ff;\" href=\"https:\/\/inocentar.tmf.bg.ac.rs\/wp-content\/uploads\/2_Nalog-za-koriscenje-putnickog-automobila-u-sluzbene-svrhe_I02_30032015AA-1.pdf\">Nalog za kori\u0161\u0107enje putni\u010dkog automobila u slu\u017ebene svrhe<\/a><\/span><\/li>\n<li><span style=\"color: #3366ff;\"><a style=\"color: #3366ff;\" href=\"https:\/\/inocentar.tmf.bg.ac.rs\/wp-content\/uploads\/3_Zahtev-za-sklapanje-Ugovora_I02_30032015b.pdf\">Zahtev za sklapanje Ugovora<\/a><\/span><\/li>\n<li><span style=\"color: #3366ff;\"><a style=\"color: #3366ff;\" href=\"https:\/\/inocentar.tmf.bg.ac.rs\/wp-content\/uploads\/4_Plan-utroska-IC_I01_30032015.pdf\">Plan utroska sredstava<\/a> <\/span><\/li>\n<li><span style=\"color: #3366ff;\"> <a style=\"color: #3366ff;\" href=\"https:\/\/inocentar.tmf.bg.ac.rs\/wp-content\/uploads\/5_Zahtev-za-ispostavljanje-fakture_I02_30032015.pdf\">Zahtev za ispostavljanje fakture<\/a> <\/span><span style=\"color: #3366ff;\"><br \/>\n<\/span><\/li>\n<li><span style=\"color: #3366ff;\"><a style=\"color: #3366ff;\" href=\"https:\/\/inocentar.tmf.bg.ac.rs\/wp-content\/uploads\/6_Zahtev-za-odobrenje-sluzbenog-puta_I02_30032015-1.pdf\">Zahtev za odobrenje sluzbenog puta<\/a><\/span><\/li>\n<li><a style=\"color: #3366ff;\" href=\"https:\/\/inocentar.tmf.bg.ac.rs\/wp-content\/uploads\/7_Obrazac-1-1.pdf\">Obrazac evidencije prisustva<\/a><\/li>\n<li><span style=\"color: #3366ff;\"><a style=\"color: #3366ff;\" href=\"https:\/\/inocentar.tmf.bg.ac.rs\/wp-content\/uploads\/8_Obrazac-ponude_I02_30032015.pdf\">Obrazac ponude<\/a><\/span><\/li>\n<li><span style=\"color: #3366ff;\"><a style=\"color: #3366ff;\" href=\"https:\/\/inocentar.tmf.bg.ac.rs\/wp-content\/uploads\/9_Anketni-list_I02_30032015.pdf\">Anketni list<\/a><\/span><\/li>\n<\/ol>\n<h2><span style=\"text-decoration: underline;\"><span style=\"color: #ff9900; text-decoration: underline;\">&nbsp;<span style=\"color: #ff6600; text-decoration: underline;\">Ostala d<\/span><\/span><span style=\"color: #ff6600; text-decoration: underline;\">okumentacija:<\/span><\/span><\/h2>\n<div style=\"float: left; width: 120px; clear: none; text-align: center;\"><a href=\"https:\/\/inocentar.tmf.bg.ac.rs\/wp-content\/uploads\/2014\/03\/statut.pdf\"><img loading=\"lazy\" decoding=\"async\" class=\"alignnone size-full wp-image-249\" src=\"https:\/\/inocentar.tmf.bg.ac.rs\/wp-content\/uploads\/2014\/03\/statut.jpg\" alt=\"statut\" width=\"100\" height=\"141\"><\/a><br \/>\n<span style=\"color: #3366ff;\"><a style=\"color: #3366ff;\" href=\"https:\/\/inocentar.tmf.bg.ac.rs\/wp-content\/uploads\/2014\/03\/statut.pdf\">Statut Inovacionog centra<\/a><\/span><\/div>\n<div style=\"float: left; width: 120px; clear: none; text-align: center;\"><a href=\"https:\/\/inocentar.tmf.bg.ac.rs\/wp-content\/uploads\/2014\/03\/Resenje_razvrstavanje-opreme-pod-pritiskom.pdf\"><img loading=\"lazy\" decoding=\"async\" class=\"alignnone size-full wp-image-248\" src=\"https:\/\/inocentar.tmf.bg.ac.rs\/wp-content\/uploads\/2014\/03\/Resenje_razvrstavanje-opreme-pod-pritiskom_Page_1.jpg\" alt=\"Resenje_razvrstavanje-opreme-pod-pritiskom_Page_1\" width=\"100\" height=\"141\"><\/a><br \/>\n<span style=\"color: #3366ff;\"><a style=\"color: #3366ff;\" href=\"https:\/\/inocentar.tmf.bg.ac.rs\/wp-content\/uploads\/2014\/03\/Resenje_razvrstavanje-opreme-pod-pritiskom.pdf\">Re\u0161enje o imenovanju za razvrstavanje opreme pod pritiskom<\/a><\/span><\/div>\n<div style=\"float: left; width: 120px; clear: none; text-align: center;\"><a href=\"https:\/\/inocentar.tmf.bg.ac.rs\/wp-content\/uploads\/2014\/03\/PDV-identifikacija-INOVACIONI.pdf\"><img loading=\"lazy\" decoding=\"async\" class=\"alignnone size-full wp-image-246\" src=\"https:\/\/inocentar.tmf.bg.ac.rs\/wp-content\/uploads\/2014\/03\/pdv.jpg\" alt=\"pdv\" width=\"100\" height=\"141\"><\/a><br \/>\n<span style=\"color: #3366ff;\"><a style=\"color: #3366ff;\" href=\"https:\/\/inocentar.tmf.bg.ac.rs\/wp-content\/uploads\/2014\/03\/PDV-identifikacija-INOVACIONI.pdf\">PDV identifikacija<\/a><\/span><\/div>\n<div style=\"float: left; width: 120px; clear: none; text-align: center;\"><a href=\"https:\/\/inocentar.tmf.bg.ac.rs\/wp-content\/uploads\/APR_resenje-2009-2018.pdf\"><img loading=\"lazy\" decoding=\"async\" class=\"alignnone size-full wp-image-241\" src=\"https:\/\/inocentar.tmf.bg.ac.rs\/wp-content\/uploads\/2014\/03\/apr.jpg\" alt=\"apr\" width=\"100\" height=\"141\"><\/a><br \/>\n<span style=\"color: #3366ff;\"><a style=\"color: #3366ff;\" href=\"https:\/\/inocentar.tmf.bg.ac.rs\/wp-content\/uploads\/APR_resenje-2009-2018.pdf\">Re\u0161enje Registar privrednih subijekata<\/a><\/span><\/div>\n<div style=\"float: left; width: 120px; clear: none; text-align: center;\"><a href=\"https:\/\/inocentar.tmf.bg.ac.rs\/wp-content\/uploads\/2014\/03\/inov_del.pdf\"><img loading=\"lazy\" decoding=\"async\" class=\"alignnone size-full wp-image-243\" src=\"https:\/\/inocentar.tmf.bg.ac.rs\/wp-content\/uploads\/2014\/03\/in_del_reg.jpg\" alt=\"in_del_reg\" width=\"100\" height=\"141\"><\/a><br \/>\n<span style=\"color: #3366ff;\"><a style=\"color: #3366ff;\" href=\"https:\/\/inocentar.tmf.bg.ac.rs\/wp-content\/uploads\/2014\/03\/inov_del.pdf\">Registracija inovacione delatnosti<\/a><\/span><\/div>\n<div style=\"float: left; width: 120px; clear: none; text-align: center;\"><\/div>\n<h2 style=\"float: left; width: 120px; clear: none; text-align: center;\"><\/h2>\n<h2 style=\"float: left; width: 120px; clear: none; text-align: center;\"><\/h2>\n<h2 style=\"float: left; width: 120px; clear: none; text-align: center;\"><\/h2>\n<p style=\"text-align: left;\"><span style=\"color: #333399;\"><a href=\"https:\/\/inocentar.tmf.bg.ac.rs\/wp-content\/uploads\/PRAVILNIK-O-EVIDENCIJI-IC-1.pdf\">PRAVILNIK O EVIDENCIJI IC (1)<\/a><\/span><\/p>\n<h2><\/h2>\n","protected":false},"excerpt":{"rendered":"<p>Izjava o politici integrisanog sistema menad\u017ementa kvaliteta: Izjava o Politici integrisanog sistema menad\u017ementa kvaliteta Interni formulari: Zahtev za pokretanje postupka nabavke Nalog za kori\u0161\u0107enje putni\u010dkog automobila u slu\u017ebene svrhe Zahtev za sklapanje Ugovora Plan utroska sredstava Zahtev za ispostavljanje fakture Zahtev za odobrenje sluzbenog puta Obrazac evidencije prisustva Obrazac ponude Anketni list &nbsp;Ostala dokumentacija: Statut [&hellip;]<\/p>\n","protected":false},"author":1,"featured_media":0,"parent":0,"menu_order":0,"comment_status":"closed","ping_status":"closed","template":"","meta":{"_acf_changed":false,"_exactmetrics_skip_tracking":false,"_exactmetrics_sitenote_active":false,"_exactmetrics_sitenote_note":"","_exactmetrics_sitenote_category":0,"footnotes":""},"class_list":["post-139","page","type-page","status-publish","hentry"],"acf":[],"_links":{"self":[{"href":"https:\/\/inocentar.tmf.bg.ac.rs\/index.php?rest_route=\/wp\/v2\/pages\/139","targetHints":{"allow":["GET"]}}],"collection":[{"href":"https:\/\/inocentar.tmf.bg.ac.rs\/index.php?rest_route=\/wp\/v2\/pages"}],"about":[{"href":"https:\/\/inocentar.tmf.bg.ac.rs\/index.php?rest_route=\/wp\/v2\/types\/page"}],"author":[{"embeddable":true,"href":"https:\/\/inocentar.tmf.bg.ac.rs\/index.php?rest_route=\/wp\/v2\/users\/1"}],"replies":[{"embeddable":true,"href":"https:\/\/inocentar.tmf.bg.ac.rs\/index.php?rest_route=%2Fwp%2Fv2%2Fcomments&post=139"}],"version-history":[{"count":83,"href":"https:\/\/inocentar.tmf.bg.ac.rs\/index.php?rest_route=\/wp\/v2\/pages\/139\/revisions"}],"predecessor-version":[{"id":2576,"href":"https:\/\/inocentar.tmf.bg.ac.rs\/index.php?rest_route=\/wp\/v2\/pages\/139\/revisions\/2576"}],"wp:attachment":[{"href":"https:\/\/inocentar.tmf.bg.ac.rs\/index.php?rest_route=%2Fwp%2Fv2%2Fmedia&parent=139"}],"curies":[{"name":"wp","href":"https:\/\/api.w.org\/{rel}","templated":true}]}}