{"id":12,"date":"2014-03-09T15:45:23","date_gmt":"2014-03-09T15:45:23","guid":{"rendered":"http:\/\/inocentar.tmf.bg.ac.rs\/?page_id=12"},"modified":"2024-12-06T10:31:54","modified_gmt":"2024-12-06T10:31:54","slug":"kontakt","status":"publish","type":"page","link":"https:\/\/inocentar.tmf.bg.ac.rs\/?page_id=12","title":{"rendered":"Kontakt"},"content":{"rendered":"<p><strong>Inovacioni centar Tehnolo\u0161ko-metalur\u0161kog fakulteta u Beogradu d.o.o.<\/strong><\/p>\n<p>Karnegijeva 4, 11120 Beograd<\/p>\n<p><a href=\"mailto:inocentar@tmf.bg.ac.rs\">inocentar@tmf.bg.ac.rs<\/a><\/p>\n<p><a href=\"https:\/\/inocentar.tmf.bg.ac.rs\/wp-content\/uploads\/2014\/03\/mapa.jpg\"><img loading=\"lazy\" decoding=\"async\" class=\"alignnone size-large wp-image-56\" src=\"https:\/\/inocentar.tmf.bg.ac.rs\/wp-content\/uploads\/2014\/03\/mapa-1024x425.jpg\" alt=\"mapa\" width=\"600\" height=\"249\" srcset=\"https:\/\/inocentar.tmf.bg.ac.rs\/wp-content\/uploads\/2014\/03\/mapa-1024x425.jpg 1024w, https:\/\/inocentar.tmf.bg.ac.rs\/wp-content\/uploads\/2014\/03\/mapa-300x124.jpg 300w, https:\/\/inocentar.tmf.bg.ac.rs\/wp-content\/uploads\/2014\/03\/mapa.jpg 1207w\" sizes=\"auto, (max-width: 600px) 100vw, 600px\" \/><\/a><\/p>\n<p><strong>Direktor<\/strong><\/p>\n<p>Prof. dr \u0110or\u0111e Jana\u0107kovi\u0107<\/p>\n<p>soba 2a, prizemlje<\/p>\n<p>tel: +38111 3370 693<\/p>\n<p>fax: +38111 3370 6387<\/p>\n<p>e-mail: <a href=\"mailto:kamber@tmf.bg.ac.rs\">nht@tmf.bg.ac.rs<\/a><\/p>\n<p><span style=\"text-decoration: underline;\">Poslovni podaci:<\/span><\/p>\n<p><strong>Mati\u010dni broj:<\/strong> 20551992<\/p>\n<p><strong>PIB:<\/strong> 106189098<\/p>\n<p><a href=\"https:\/\/inocentar.tmf.bg.ac.rs\/wp-content\/uploads\/APR-registar-ponudjaca.png\"><img loading=\"lazy\" decoding=\"async\" class=\"alignnone size-medium wp-image-1094\" src=\"https:\/\/inocentar.tmf.bg.ac.rs\/wp-content\/uploads\/APR-registar-ponudjaca-227x300.png\" alt=\"APR registar ponudjaca\" width=\"227\" height=\"300\" srcset=\"https:\/\/inocentar.tmf.bg.ac.rs\/wp-content\/uploads\/APR-registar-ponudjaca-227x300.png 227w, https:\/\/inocentar.tmf.bg.ac.rs\/wp-content\/uploads\/APR-registar-ponudjaca.png 445w\" sizes=\"auto, (max-width: 227px) 100vw, 227px\" \/><\/a><\/p>\n<p><a href=\"https:\/\/inocentar.tmf.bg.ac.rs\/wp-content\/uploads\/APR-resenje_0004.pdf\">APR Resenje o upisu u Registar ponudjaca <\/a><\/p>\n<h1 style=\"text-align: left;\"><span style=\"color: #ff9900;\">\u00a0<span style=\"color: #ff6600;\">Standardi kvaliteta<\/span><\/span><\/h1>\n<p>IC TMF od 23.11.2023. poseduje slede\u0107e standarde kvaliteta:<\/p>\n<p><a href=\"https:\/\/inocentar.tmf.bg.ac.rs\/wp-content\/uploads\/Cert-QMS-EMS-IC-TMF-en.pdf\" target=\"_blank\" rel=\"noopener\"><img loading=\"lazy\" decoding=\"async\" class=\"alignnone wp-image-2907 size-full\" src=\"https:\/\/inocentar.tmf.bg.ac.rs\/wp-content\/uploads\/Cert-QMS-EMS-IC-TMF-en.png\" alt=\"\" width=\"318\" height=\"465\" srcset=\"https:\/\/inocentar.tmf.bg.ac.rs\/wp-content\/uploads\/Cert-QMS-EMS-IC-TMF-en.png 318w, https:\/\/inocentar.tmf.bg.ac.rs\/wp-content\/uploads\/Cert-QMS-EMS-IC-TMF-en-205x300.png 205w\" sizes=\"auto, (max-width: 318px) 100vw, 318px\" \/><\/a><\/p>\n<p><a href=\"https:\/\/inocentar.tmf.bg.ac.rs\/wp-content\/uploads\/Cert-QMS-EMS-IC-TMF-sr-1.pdf\" target=\"_blank\" rel=\"noopener\"><img loading=\"lazy\" decoding=\"async\" class=\"alignnone wp-image-2909 size-full\" src=\"https:\/\/inocentar.tmf.bg.ac.rs\/wp-content\/uploads\/Cert-QMS-EMS-IC-TMF-sr.png\" alt=\"\" width=\"318\" height=\"465\" srcset=\"https:\/\/inocentar.tmf.bg.ac.rs\/wp-content\/uploads\/Cert-QMS-EMS-IC-TMF-sr.png 318w, https:\/\/inocentar.tmf.bg.ac.rs\/wp-content\/uploads\/Cert-QMS-EMS-IC-TMF-sr-205x300.png 205w\" sizes=\"auto, (max-width: 318px) 100vw, 318px\" \/><\/a><\/p>\n","protected":false},"excerpt":{"rendered":"<p>Inovacioni centar Tehnolo\u0161ko-metalur\u0161kog fakulteta u Beogradu d.o.o. Karnegijeva 4, 11120 Beograd inocentar@tmf.bg.ac.rs Direktor Prof. dr \u0110or\u0111e Jana\u0107kovi\u0107 soba 2a, prizemlje tel: +38111 3370 693 fax: +38111 3370 6387 e-mail: nht@tmf.bg.ac.rs Poslovni podaci: Mati\u010dni broj: 20551992 PIB: 106189098 APR Resenje o upisu u Registar ponudjaca \u00a0Standardi kvaliteta IC TMF od 23.11.2023. poseduje slede\u0107e standarde kvaliteta:<\/p>\n","protected":false},"author":1,"featured_media":56,"parent":0,"menu_order":0,"comment_status":"closed","ping_status":"open","template":"","meta":{"_acf_changed":false,"_exactmetrics_skip_tracking":false,"_exactmetrics_sitenote_active":false,"_exactmetrics_sitenote_note":"","_exactmetrics_sitenote_category":0,"footnotes":""},"class_list":["post-12","page","type-page","status-publish","has-post-thumbnail","hentry"],"acf":[],"_links":{"self":[{"href":"https:\/\/inocentar.tmf.bg.ac.rs\/index.php?rest_route=\/wp\/v2\/pages\/12","targetHints":{"allow":["GET"]}}],"collection":[{"href":"https:\/\/inocentar.tmf.bg.ac.rs\/index.php?rest_route=\/wp\/v2\/pages"}],"about":[{"href":"https:\/\/inocentar.tmf.bg.ac.rs\/index.php?rest_route=\/wp\/v2\/types\/page"}],"author":[{"embeddable":true,"href":"https:\/\/inocentar.tmf.bg.ac.rs\/index.php?rest_route=\/wp\/v2\/users\/1"}],"replies":[{"embeddable":true,"href":"https:\/\/inocentar.tmf.bg.ac.rs\/index.php?rest_route=%2Fwp%2Fv2%2Fcomments&post=12"}],"version-history":[{"count":16,"href":"https:\/\/inocentar.tmf.bg.ac.rs\/index.php?rest_route=\/wp\/v2\/pages\/12\/revisions"}],"predecessor-version":[{"id":2916,"href":"https:\/\/inocentar.tmf.bg.ac.rs\/index.php?rest_route=\/wp\/v2\/pages\/12\/revisions\/2916"}],"wp:featuredmedia":[{"embeddable":true,"href":"https:\/\/inocentar.tmf.bg.ac.rs\/index.php?rest_route=\/wp\/v2\/media\/56"}],"wp:attachment":[{"href":"https:\/\/inocentar.tmf.bg.ac.rs\/index.php?rest_route=%2Fwp%2Fv2%2Fmedia&parent=12"}],"curies":[{"name":"wp","href":"https:\/\/api.w.org\/{rel}","templated":true}]}}